{"id":118,"date":"2018-08-02T20:57:02","date_gmt":"2018-08-02T18:57:02","guid":{"rendered":"http:\/\/agrolens.sk\/ags\/?post_type=product&#038;p=118"},"modified":"2022-04-21T22:09:51","modified_gmt":"2022-04-21T20:09:51","slug":"granulovana-krmna-zmes","status":"publish","type":"product","link":"http:\/\/agrolens.sk\/ags\/produkt\/granulovana-krmna-zmes\/","title":{"rendered":"Granulovan\u00e1 k\u0155mna zmes"},"content":{"rendered":"<p>Granulovan\u00e1 k\u0155mna zmes, 5 kg balenie.<\/p>\n<p>&nbsp;<\/p>\n","protected":false},"excerpt":{"rendered":"<p>Granulovan\u00e1 k\u0155mna zmes pre holuby, 5 kg balenie<\/p>\n<p>Ceny dopravy produktu:<\/p>\n<p>5 kg: 4,56 EUR<br \/>\n10-15 kg: 5,16 EUR<br \/>\n20-25 kg: 5,88 EUR<br \/>\n30-45 kg: 7,92 EUR<\/p>\n<p>Maxim\u00e1lna v\u00e1ha jednej objedn\u00e1vky je 45 kg !<\/p>\n","protected":false},"featured_media":59,"template":"","meta":[],"product_brand":[],"product_cat":[19],"product_tag":[],"class_list":{"0":"post-118","1":"product","2":"type-product","3":"status-publish","4":"has-post-thumbnail","6":"product_cat-produkty-agrolens","8":"first","9":"instock","10":"taxable","11":"shipping-taxable","12":"purchasable","13":"product-type-simple"},"_links":{"self":[{"href":"http:\/\/agrolens.sk\/ags\/wp-json\/wp\/v2\/product\/118","targetHints":{"allow":["GET"]}}],"collection":[{"href":"http:\/\/agrolens.sk\/ags\/wp-json\/wp\/v2\/product"}],"about":[{"href":"http:\/\/agrolens.sk\/ags\/wp-json\/wp\/v2\/types\/product"}],"wp:featuredmedia":[{"embeddable":true,"href":"http:\/\/agrolens.sk\/ags\/wp-json\/wp\/v2\/media\/59"}],"wp:attachment":[{"href":"http:\/\/agrolens.sk\/ags\/wp-json\/wp\/v2\/media?parent=118"}],"wp:term":[{"taxonomy":"product_brand","embeddable":true,"href":"http:\/\/agrolens.sk\/ags\/wp-json\/wp\/v2\/product_brand?post=118"},{"taxonomy":"product_cat","embeddable":true,"href":"http:\/\/agrolens.sk\/ags\/wp-json\/wp\/v2\/product_cat?post=118"},{"taxonomy":"product_tag","embeddable":true,"href":"http:\/\/agrolens.sk\/ags\/wp-json\/wp\/v2\/product_tag?post=118"}],"curies":[{"name":"wp","href":"https:\/\/api.w.org\/{rel}","templated":true}]}}