{"id":117,"date":"2018-08-01T22:46:44","date_gmt":"2018-08-01T20:46:44","guid":{"rendered":"http:\/\/agrolens.sk\/ags\/?post_type=product&#038;p=117"},"modified":"2024-09-17T20:41:41","modified_gmt":"2024-09-17T18:41:41","slug":"sosovica","status":"publish","type":"product","link":"http:\/\/agrolens.sk\/ags\/produkt\/sosovica\/","title":{"rendered":"\u0160o\u0161ovica"},"content":{"rendered":"<p>\u0160o\u0161ovica, 5 kg balenie<\/p>\n","protected":false},"excerpt":{"rendered":"<p>5 kg balenie ve\u013emi kvalitnej \u0161o\u0161ovice<\/p>\n<p>Ceny dopravy produktu:<\/p>\n<p>5 kg: 4,56 EUR<br \/>\n10-15 kg: 5,16 EUR<br \/>\n20-25 kg: 5,88 EUR<br \/>\n30-45 kg: 7,92 EUR<\/p>\n<p>Maxim\u00e1lna v\u00e1ha jednej objedn\u00e1vky je 45 kg !<\/p>\n","protected":false},"featured_media":111,"template":"","meta":[],"product_brand":[],"product_cat":[19],"product_tag":[],"class_list":{"0":"post-117","1":"product","2":"type-product","3":"status-publish","4":"has-post-thumbnail","6":"product_cat-produkty-agrolens","8":"first","9":"instock","10":"taxable","11":"shipping-taxable","12":"purchasable","13":"product-type-simple"},"_links":{"self":[{"href":"http:\/\/agrolens.sk\/ags\/wp-json\/wp\/v2\/product\/117","targetHints":{"allow":["GET"]}}],"collection":[{"href":"http:\/\/agrolens.sk\/ags\/wp-json\/wp\/v2\/product"}],"about":[{"href":"http:\/\/agrolens.sk\/ags\/wp-json\/wp\/v2\/types\/product"}],"wp:featuredmedia":[{"embeddable":true,"href":"http:\/\/agrolens.sk\/ags\/wp-json\/wp\/v2\/media\/111"}],"wp:attachment":[{"href":"http:\/\/agrolens.sk\/ags\/wp-json\/wp\/v2\/media?parent=117"}],"wp:term":[{"taxonomy":"product_brand","embeddable":true,"href":"http:\/\/agrolens.sk\/ags\/wp-json\/wp\/v2\/product_brand?post=117"},{"taxonomy":"product_cat","embeddable":true,"href":"http:\/\/agrolens.sk\/ags\/wp-json\/wp\/v2\/product_cat?post=117"},{"taxonomy":"product_tag","embeddable":true,"href":"http:\/\/agrolens.sk\/ags\/wp-json\/wp\/v2\/product_tag?post=117"}],"curies":[{"name":"wp","href":"https:\/\/api.w.org\/{rel}","templated":true}]}}