{"id":90,"date":"2018-08-01T21:03:15","date_gmt":"2018-08-01T19:03:15","guid":{"rendered":"http:\/\/agrolens.sk\/ags\/?page_id=90"},"modified":"2018-08-01T22:30:25","modified_gmt":"2018-08-01T20:30:25","slug":"kontakty","status":"publish","type":"page","link":"http:\/\/agrolens.sk\/ags\/kontakty\/","title":{"rendered":"Kontakty"},"content":{"rendered":"<div class='content-column one_half'><p>Adresa:<\/p>\n<p><strong>AGROLENS spol. s r.o.<\/strong><br \/>\n\u010cenkovce 114<br \/>\n930 39 Zlat\u00e9 Klasy<\/p>\n<p>I\u010cO: 31428789<br \/>\nDI\u010c: 2020369472<br \/>\nI\u010c DPH: SK2020369472<\/p>\n<p>Telef\u00f3n: 031\/5692792, 031\/5692598<br \/>\nFax: 031\/5603551<br \/>\nE-mail: <a href=\"mailto:agrolens@agrolens.sk\">agrolens@agrolens.sk<\/a><\/p><\/div>\n<div class='content-column one_half last_column'><p><iframe loading=\"lazy\" style=\"border: 0;\" src=\"https:\/\/www.google.com\/maps\/embed?pb=!1m18!1m12!1m3!1d21320.24050717927!2d17.44218791691646!3d48.09036211237044!2m3!1f0!2f0!3f0!3m2!1i1024!2i768!4f13.1!3m3!1m2!1s0x476b7e6e4e186625%3A0x400f7d1c6978980!2s930+39+%C4%8Cenkovce!5e0!3m2!1ssk!2ssk!4v1533155340261\" width=\"600\" height=\"450\" frameborder=\"0\" allowfullscreen=\"allowfullscreen\"><\/iframe><\/p><\/div><div class='clear_column'><\/div>\n<p style=\"text-align: center;\"><strong>Kontaktn\u00e9 osoby:<\/strong><\/p>\n<p style=\"text-align: center;\"><strong>Ing. N\u00e9meth Juraj<\/strong> \u2013 konate\u013e spolo\u010dnosti, mobil: 0905 644 469<br \/>\n<strong>Mgr. N\u00e9meth G\u00e1bor<\/strong> \u2013 konate\u013e spolo\u010dnosti, mobil: 0908 880 068<br \/>\n<strong>N\u00e9methov\u00e1 Agne\u0161a<\/strong> \u2013 0918 864 163<br \/>\n<strong>Szlanicska Peter<\/strong> \u2013 0905 644 470<\/p>\n","protected":false},"excerpt":{"rendered":"<p>Kontaktn\u00e9 osoby: Ing. N\u00e9meth Juraj \u2013 konate\u013e spolo\u010dnosti, mobil: 0905 644 469 Mgr. N\u00e9meth G\u00e1bor \u2013 konate\u013e spolo\u010dnosti, mobil: 0908 880 068 N\u00e9methov\u00e1 Agne\u0161a \u2013 0918 864 163 Szlanicska Peter \u2013 0905 644 470<\/p>\n","protected":false},"author":1,"featured_media":0,"parent":0,"menu_order":0,"comment_status":"closed","ping_status":"closed","template":"","meta":{"footnotes":""},"class_list":["post-90","page","type-page","status-publish","hentry"],"_links":{"self":[{"href":"http:\/\/agrolens.sk\/ags\/wp-json\/wp\/v2\/pages\/90","targetHints":{"allow":["GET"]}}],"collection":[{"href":"http:\/\/agrolens.sk\/ags\/wp-json\/wp\/v2\/pages"}],"about":[{"href":"http:\/\/agrolens.sk\/ags\/wp-json\/wp\/v2\/types\/page"}],"author":[{"embeddable":true,"href":"http:\/\/agrolens.sk\/ags\/wp-json\/wp\/v2\/users\/1"}],"replies":[{"embeddable":true,"href":"http:\/\/agrolens.sk\/ags\/wp-json\/wp\/v2\/comments?post=90"}],"version-history":[{"count":5,"href":"http:\/\/agrolens.sk\/ags\/wp-json\/wp\/v2\/pages\/90\/revisions"}],"predecessor-version":[{"id":114,"href":"http:\/\/agrolens.sk\/ags\/wp-json\/wp\/v2\/pages\/90\/revisions\/114"}],"wp:attachment":[{"href":"http:\/\/agrolens.sk\/ags\/wp-json\/wp\/v2\/media?parent=90"}],"curies":[{"name":"wp","href":"https:\/\/api.w.org\/{rel}","templated":true}]}}