{"id":152,"date":"2018-08-04T20:28:13","date_gmt":"2018-08-04T18:28:13","guid":{"rendered":"http:\/\/agrolens.sk\/ags\/?page_id=152"},"modified":"2018-08-08T08:49:12","modified_gmt":"2018-08-08T06:49:12","slug":"vseobecna-obchodne-podmienky","status":"publish","type":"page","link":"http:\/\/agrolens.sk\/ags\/vseobecna-obchodne-podmienky\/","title":{"rendered":"V\u0161eobecn\u00e9 obchodn\u00e9 podmienky"},"content":{"rendered":"<p>1. V\u0160EOBECN\u00c9 OBCHODN\u00c9 PODMIENKY<br \/>\n1.1 Pred\u00e1vaj\u00facim je firma Agrolens, spol. s r.o, so s\u00eddlom \u010cenkovce \u010d. 114, 930 39 Zlat\u00e9 Klasy, I\u010cO: 31428789, DI\u010c: 2020369472, I\u010c DPH: SK2020369472, zap\u00edsan\u00e1 v obchodnom registri Okresn\u00e9ho s\u00fadu Trnava, oddiel Sro, vlo\u017eka \u010d\u00edslo 440\/T. Dozor nad \u010dinnos\u0165ou pred\u00e1vaj\u00faceho vykon\u00e1va Okresn\u00fd \u00farad v Dunajskej Strede, Korzo B. Bart\u00f3ka 789\/3, tel. 031\/5901 501.<br \/>\n1.2 Kupuj\u00facim je ka\u017ed\u00e1 fyzick\u00e1 alebo pr\u00e1vnick\u00e1 osoba, ktor\u00e1 ak\u00fdmko\u013evek sp\u00f4sobom kontaktuje pred\u00e1vaj\u00faceho s \u00famyslom k\u00fapy tovaru, ktor\u00fd pred\u00e1vaj\u00faci pon\u00faka.<br \/>\n1.3 Kupuj\u00facim je aj ka\u017ed\u00e1 fyzick\u00e1 alebo pr\u00e1vnick\u00e1 osoba, ktor\u00e1 ak\u00fdmko\u013evek sp\u00f4sobom kontaktuje pred\u00e1vaj\u00faceho s po\u017eiadavkou, aby jej pred\u00e1vaj\u00faci zaobstaral tovar, ktor\u00fd nem\u00e1 zaraden\u00fd v ponuke, s \u00famyslom k\u00fapy tohto tovaru.<br \/>\n1.4 Pou\u017e\u00edvan\u00edm web-str\u00e1nok internetov\u00e9ho obchodu pred\u00e1vaj\u00faceho a potvrden\u00edm objedn\u00e1vky d\u00e1va kupuj\u00faci s\u00fahlas s t\u00fdmito Obchodn\u00fdmi podmienkami.<br \/>\n1.5 Tieto Obchodn\u00e9 podmienky s\u00fa platn\u00e9 a\u017e do vydania nov\u00fdch Obchodn\u00fdch podmienok.<\/p>\n<p>2. OBJEDN\u00c1VANIE<br \/>\n2.1 Tovar m\u00f4\u017ee kupuj\u00faci objedn\u00e1va\u0165 prostredn\u00edctvom n\u00e1kupn\u00e9ho ko\u0161\u00edka na webstr\u00e1nkach pred\u00e1vaj\u00faceho.<br \/>\n2.2 Odoslan\u00edm objedn\u00e1vky sa kupuj\u00faci zav\u00e4zuje prevzia\u0165 objednan\u00fd tovar a zaplati\u0165 za tovar dohodnut\u00fa cenu.<br \/>\n2.3 Odoslan\u00fa objedn\u00e1vku potvrd\u00ed pred\u00e1vaj\u00faci do 24 hod\u00edn emailom a z\u00e1rove\u0148 ozn\u00e1mi kupuj\u00facemu dostupnos\u0165 a term\u00edn dodania tovaru. V\u0161etky potvrden\u00e9 objedn\u00e1vky s\u00fa z\u00e1v\u00e4zn\u00e9!<br \/>\n2.4 Pred\u00e1vaj\u00faci sa zav\u00e4zuje doda\u0165 spr\u00e1vny druh a mno\u017estvo tovaru v dohodnutej cene pod\u013ea objedn\u00e1vky.<br \/>\n2.5 Zru\u0161enie objedn\u00e1vky je zo strany kupuj\u00faceho mo\u017en\u00e9 do 14 dn\u00ed od objednania tovaru bez udania d\u00f4vodu. Kupuj\u00faci m\u00f4\u017ee objedn\u00e1vku zru\u0161i\u0165 telefonicky alebo e-mailom. Po overen\u00ed splnenia podmienok zru\u0161enia objedn\u00e1vky potvrd\u00ed pred\u00e1vaj\u00faci kupuj\u00facemu storno objedn\u00e1vky e-mailom alebo telefonicky. V pr\u00edpade, \u017ee u\u017e bola suma za objednan\u00fd tovar uhraden\u00e1, pred\u00e1vaj\u00faci za\u0161le peniaze sp\u00e4\u0165 na bankov\u00fd \u00fa\u010det kupuj\u00faceho, alebo ich doru\u010d\u00ed in\u00fdm sp\u00f4sobom, ktor\u00fd si spolu dohodn\u00fa. Kupuj\u00faci m\u00f4\u017ee odst\u00fapi\u0165 od zmluvy aj pred za\u010dat\u00edm plynutia lehoty na odst\u00fapenie od zmluvy.<br \/>\n2.6 Pred\u00e1vaj\u00faci m\u00e1 pr\u00e1vo zru\u0161i\u0165 objedn\u00e1vku v pr\u00edpade, ke\u010f nie je mo\u017en\u00e9 zabezpe\u010di\u0165 objednan\u00fd tovar. V takomto pr\u00edpade kupuj\u00facemu ihne\u010f vr\u00e1ti uhraden\u00fa sumu v plnej v\u00fd\u0161ke, alebo mu pon\u00fakne n\u00e1hradn\u00fd tovar, alebo in\u00e9 rie\u0161enie, ak s t\u00fdm kupuj\u00faci s\u00fahlas\u00ed. Pred\u00e1vaj\u00faci m\u00e1 pr\u00e1vo zru\u0161i\u0165 objedn\u00e1vku tie\u017e v pr\u00edpade, ak sa nem\u00f4\u017ee skontaktova\u0165 s kupuj\u00facim (chybne uveden\u00e9 alebo neuveden\u00e9 kontaktn\u00e9 \u00fadaje, nedostupnos\u0165).<\/p>\n<p>3. CENY<br \/>\n3.1 Pred\u00e1vaj\u00faci je platcom DPH. Ceny vo webshope s\u00fa uveden\u00e9 s DPH.<br \/>\n3.2 K z\u00e1kladnej cene objedn\u00e1vky je pripo\u010d\u00edtan\u00e1 cena za dopravu tovaru. Cena z\u00e1vis\u00ed od v\u00e1hy objednan\u00e9ho tovaru.<\/p>\n<p>4. PLATBY<br \/>\n4.1 Plati\u0165 za tovar m\u00f4\u017ee kupuj\u00faci na dobierku, pri preberan\u00ed tovaru od kuri\u00e9ra.<br \/>\n4.2 Platba je mo\u017en\u00e1 iba v EUR.<\/p>\n<p>5. DODACIE PODMIENKY<br \/>\n5.1 Dodacia lehota na tovar v ponuke pred\u00e1vaj\u00faceho je vo v\u00e4\u010d\u0161ine pr\u00edpadov do 8 pracovn\u00fdch dn\u00ed od potvrdenia objedn\u00e1vky, maxim\u00e1lna doba dodania je 14 dn\u00ed alebo po dohode s kupuj\u00facim sa m\u00f4\u017ee pred\u013a\u017ei\u0165. O dodacej lehote a term\u00edne dodania bude pred\u00e1vaj\u00faci kupuj\u00faceho informova\u0165 pri potvrden\u00ed objedn\u00e1vky telefonicky. Ak kupuj\u00facemu nevyhovuje ozn\u00e1men\u00e1 pred\u013a\u017een\u00e1 dodacia lehota, m\u00e1 mo\u017enos\u0165 stornova\u0165 objedn\u00e1vku v s\u00falade s bodom 2.5 t\u00fdchto Obchodn\u00fdch podmienok.<br \/>\n5.3 Tovar bude vyexpedovan\u00fd okam\u017eite po potvrden\u00ed objedn\u00e1vky a po splnen\u00ed v\u0161etk\u00fdch podmienok pre vyskladnenie.<\/p>\n<p>6. DORU\u010cENIE TOVARU<br \/>\n6.1 Pred\u00e1vaj\u00faci zabezpe\u010duje dopravu tovaru kurierskou slu\u017ebou Direct Parcel Distribution SK s.r.o. , na dobierku.<br \/>\n6.2 Miesto odberu je stanoven\u00e9 na z\u00e1klade objedn\u00e1vky kupuj\u00faceho. Za splnenie dod\u00e1vky sa pova\u017euje dodanie tovaru na ur\u010den\u00e9 miesto.<br \/>\n6.3 Tovar je primerane zabalen\u00fd a zabezpe\u010den\u00fd. Kupuj\u00faci je povinn\u00fd pri preberan\u00ed tovaru skontrolova\u0165 neporu\u0161enos\u0165 z\u00e1sielky.<br \/>\n6.4 Za tovar zodpoved\u00e1 pred\u00e1vaj\u00faci a\u017e po jeho prevzatie kupuj\u00facim. Tovar sa pova\u017euje za prevzat\u00fd kupuj\u00facim od doby, kedy tento p\u00edsomne potvrd\u00ed prevzatie tovaru.<br \/>\n6.5 Pred\u00e1vaj\u00faci nenesie zodpovednos\u0165 za oneskoren\u00e9 dodanie objednan\u00e9ho tovaru kupuj\u00facemu zavinen\u00e9 prepravcom. Za po\u0161kodenie z\u00e1sielky zavinen\u00e9 prepravcom zodpoved\u00e1 v plnom rozsahu prepravca. Tak\u00e9to pr\u00edpady rie\u0161i pred\u00e1vaj\u00faci dodan\u00edm nov\u00e9ho tovaru kupuj\u00facemu po zaplaten\u00ed v\u0161etk\u00fdch \u0161k\u00f4d prepravcom.<\/p>\n<p>7. ODST\u00daPENIE OD VYBAVENEJ OBJEDN\u00c1VKY<br \/>\n7.1 Kupuj\u00faci je v s\u00falade so z\u00e1konom opr\u00e1vnen\u00fd bez udania d\u00f4vodu odst\u00fapi\u0165 od vybavenej objedn\u00e1vky (pod\u013ea z\u00e1kona \u201eod k\u00fapnej zmluvy\u201c, ak u\u017e kupuj\u00faci prevzal tovar) do 14 pracovn\u00fdch dn\u00ed odo d\u0148a prevzatia tovaru. Kupuj\u00faci m\u00f4\u017ee odst\u00fapi\u0165 od zmluvy aj pred za\u010dat\u00edm plynutia lehoty na odst\u00fapenie od zmluvy.<br \/>\n7.2 Tovar na vr\u00e1tenie mus\u00ed by\u0165:,<br \/>\na) nepo\u0161koden\u00fd,<br \/>\nb) kompletn\u00fd<br \/>\nc) vr\u00e1tane prilo\u017een\u00e9ho dokladu o k\u00fape.<br \/>\n7.3 Ak sa kupuj\u00faci rozhodne vr\u00e1ti\u0165 tovar pod\u013ea bodu 7.1 t\u00fdchto Obchodn\u00fdch podmienok, je povinn\u00fd:<br \/>\na) kontaktova\u0165 pred\u00e1vaj\u00faceho so \u017eiados\u0165ou o odst\u00fapenie od vybavenej objedn\u00e1vky<br \/>\nb) zasla\u0165 tovar nasp\u00e4\u0165 na adresu pred\u00e1vaj\u00faceho \u2013 tovar sa odpor\u00fa\u010da posla\u0165 doporu\u010dene, poisten\u00fd a pou\u017ei\u0165 vhodn\u00e9 balenie, aby po\u010das prepravy nedo\u0161lo k pop\u00edsaniu, polepeniu, ani in\u00e9mu znehodnoteniu p\u00f4vodn\u00fdch obalov a samotn\u00e9ho tovaru (pred\u00e1vaj\u00faci neru\u010d\u00ed za pr\u00edpadn\u00fa stratu alebo po\u0161kodenie tovaru po\u010das prepravy),<br \/>\nc) uhradi\u0165 v\u00fddavky s\u00favisiace s vr\u00e1ten\u00edm tovaru (po\u0161tovn\u00e9, poistenie).<br \/>\n7.4 Po splnen\u00ed podmienok pod\u013ea bodov 7.1 a\u017e 7.3 t\u00fdchto Obchodn\u00fdch podmienok a po obdr\u017ean\u00ed vr\u00e1ten\u00e9ho tovaru je pred\u00e1vaj\u00faci povinn\u00fd prevzia\u0165 tovar nasp\u00e4\u0165.<br \/>\n7.5 V pr\u00edpade nesplnenia niektorej z podmienok pod\u013ea bodov 7.1 a\u017e 7.3 t\u00fdchto Obchodn\u00fdch podmienok nebude pred\u00e1vaj\u00faci akceptova\u0165 odst\u00fapenie od vybavenej objedn\u00e1vky a tovar bude vr\u00e1ten\u00fd na n\u00e1klady kupuj\u00faceho nasp\u00e4\u0165.<\/p>\n<p>8. Z\u00c1RUKY A REKLAM\u00c1CIE<br \/>\n8.1 Vybavovanie reklam\u00e1ci\u00ed sa riadi z\u00e1ru\u010dn\u00fdmi podmienkami konkr\u00e9tneho tovaru, Obchodn\u00fdm z\u00e1konn\u00edkom a pr\u00edslu\u0161n\u00fdmi ustanoveniami Ob\u010dianskeho z\u00e1konn\u00edka a osobitn\u00fdmi predpismi.<br \/>\n8.2 Z\u00e1ru\u010dn\u00e1 doba na v\u0161etok pon\u00fakan\u00fd tovar v internetovom obchode pred\u00e1vaj\u00faceho je 24 mesiacov. Na uplatnenie pr\u00e1v zo zodpovednosti za vady (reklam\u00e1ciu) v\u017edy posta\u010duje doklad o zak\u00fapen\u00ed (prilo\u017een\u00e1 fakt\u00fara). Predlo\u017eenie dokladu o zak\u00fapen\u00ed na \u00fa\u010dely reklam\u00e1cie posta\u010duje aj v pr\u00edpade, \u017ee bol vydan\u00fd z\u00e1ru\u010dn\u00fd list, ale z\u00e1kazn\u00edk ho stratil.<br \/>\n8.3 Z\u00e1ruka sa nevz\u0165ahuje na be\u017en\u00e9 opotrebenie veci (alebo jej \u010dast\u00ed) sp\u00f4soben\u00e9 pou\u017e\u00edvan\u00edm.<br \/>\n8.4 Reklamovan\u00fd tovar je kupuj\u00faci povinn\u00fd doru\u010di\u0165 na reklam\u00e1ciu \u010dist\u00fd, mechanicky nepo\u0161koden\u00fd, s k\u00f3piou fakt\u00fary, dodacieho listu. Kupuj\u00faci je povinn\u00fd spolu s tovarom zasla\u0165 aj popis vady.<\/p>\n<p>8.5 POSTUP REKLAM\u00c1CIE:<\/p>\n<p>8.5.1. \u010co najsk\u00f4r n\u00e1s informova\u0165 emailom alebo telefonicky o chybe v\u00fdrobku.<\/p>\n<p>8.5.2. Posla\u0165 produkt sp\u00e4\u0165 na adresu firmy pred\u00e1vaj\u00faceho<\/p>\n<p>9. OCHRANA OSOBN\u00ddCH \u00daDAJOV<br \/>\n9.1 Pravidl\u00e1 ochrany osobn\u00fdch \u00fadajov s\u00fa zverejnen\u00e9 na str\u00e1nke <a href=\"http:\/\/agrolens.sk\/ags\/ochrana-sukromia\/\">http:\/\/agrolens.sk\/ags\/ochrana-sukromia\/<\/a> .<\/p>\n<p>10. Alternat\u00edvne rie\u0161enie sporov \u2013 ARS<\/p>\n<p>10.1 Kupuj\u00faci \u2013 spotrebite\u013e \u2013 m\u00e1 pr\u00e1vo obr\u00e1ti\u0165 sa na pred\u00e1vaj\u00faceho so \u017eiados\u0165ou o n\u00e1pravu (e-mailom na <a href=\"mailto:agrolens@agrolens.sk\">agrolens@agrolens.sk<\/a>), ak nie je spokojn\u00fd so sp\u00f4sobom, ktor\u00fdm pred\u00e1vaj\u00faci vybavil jeho reklam\u00e1ciu alebo ak sa domnieva, \u017ee pred\u00e1vaj\u00faci poru\u0161il jeho pr\u00e1va. Ak pred\u00e1vaj\u00faci odpovie na t\u00fato \u017eiados\u0165 zamietavo alebo na \u0148u neodpovie do 30 dn\u00ed od jej odoslania, spotrebite\u013e m\u00e1 pr\u00e1vo poda\u0165 n\u00e1vrh na za\u010datie alternat\u00edvneho rie\u0161enia sporu subjektu alternat\u00edvneho rie\u0161enia sporov (\u010falej len subjekt ARS) pod\u013ea z\u00e1kona 391\/2015 Z.z. ARS subjektami s\u00fa org\u00e1ny a opr\u00e1vnen\u00e9 pr\u00e1vnick\u00e9 osoby pod\u013ea \u00a73 z\u00e1kona 391\/2015 Z.z. N\u00e1vrh m\u00f4\u017ee spotrebite\u013e poda\u0165 sp\u00f4sobom ur\u010den\u00fdm pod\u013ea \u00a712 Z\u00e1kona 391\/2015 Z.z.<\/p>\n<p>10.2 Kupuj\u00faci \u2013 spotrebite\u013e m\u00f4\u017ee poda\u0165 s\u0165a\u017enos\u0165 aj prostredn\u00edctvom platformy alternat\u00edvneho rie\u0161enia sporov RSO, ktor\u00e1 je dostupn\u00e1 online na <a href=\"http:\/\/ec.europa.eu\/consumers\/odr\/index_en.htm\">http:\/\/ec.europa.eu\/consumers\/odr\/index_en.htm<\/a>.<br \/>\nAlternat\u00edvne rie\u0161enie sporov m\u00f4\u017ee vyu\u017ei\u0165 len spotrebite\u013e \u2013 fyzick\u00e1 osoba, ktor\u00e1 pri uzatv\u00e1ran\u00ed a plnen\u00ed spotrebite\u013eskej zmluvy nekon\u00e1 v r\u00e1mci predmetu svojej podnikate\u013eskej \u010dinnosti, zamestnania alebo povolania. Alternat\u00edvne rie\u0161enie sporov sa t\u00fdka len sporu medzi spotrebite\u013eom a pred\u00e1vaj\u00facim, vypl\u00fdvaj\u00faceho zo spotrebite\u013eskej zmluvy alebo s\u00favisiaceho so spotrebite\u013eskou zmluvou. Alternat\u00edvne rie\u0161enie sporov sa t\u00fdka len zml\u00fav uzatvoren\u00fdch na dia\u013eku. Alternat\u00edvne rie\u0161enie sporov sa net\u00fdka sporov, kde hodnota sporu neprevy\u0161uje sumu 20 \u20ac. Subjekt ARS m\u00f4\u017ee od spotrebite\u013ea po\u017eadova\u0165 \u00fahradu poplatku za za\u010datie alternat\u00edvneho rie\u0161enia sporu maxim\u00e1lne do v\u00fd\u0161ky 5 \u20ac s DPH.<\/p>\n<p>Odkaz na formul\u00e1r na odst\u00fapenie od zmluvy: <a href=\"http:\/\/agrolens.sk\/formular_na_odstupenie_od_zmluvy.odt\">ODT<\/a> form\u00e1t, <a href=\"http:\/\/agrolens.sk\/formular_na_odstupenie_od_zmluvy.doc\">DOC<\/a> form\u00e1t.<\/p>\n<p>V \u010cenkovciach, d\u0148a 3.8.2018<\/p>\n","protected":false},"excerpt":{"rendered":"<p>1. V\u0160EOBECN\u00c9 OBCHODN\u00c9 PODMIENKY 1.1 Pred\u00e1vaj\u00facim je firma Agrolens, spol. s r.o, so s\u00eddlom \u010cenkovce \u010d. 114, 930 39 Zlat\u00e9 Klasy, I\u010cO: 31428789, DI\u010c: 2020369472, I\u010c DPH: SK2020369472, zap\u00edsan\u00e1 v obchodnom registri Okresn\u00e9ho s\u00fadu&#46;&#46;&#46;<\/p>\n","protected":false},"author":1,"featured_media":0,"parent":0,"menu_order":0,"comment_status":"closed","ping_status":"closed","template":"","meta":{"footnotes":""},"class_list":["post-152","page","type-page","status-publish","hentry"],"_links":{"self":[{"href":"http:\/\/agrolens.sk\/ags\/wp-json\/wp\/v2\/pages\/152","targetHints":{"allow":["GET"]}}],"collection":[{"href":"http:\/\/agrolens.sk\/ags\/wp-json\/wp\/v2\/pages"}],"about":[{"href":"http:\/\/agrolens.sk\/ags\/wp-json\/wp\/v2\/types\/page"}],"author":[{"embeddable":true,"href":"http:\/\/agrolens.sk\/ags\/wp-json\/wp\/v2\/users\/1"}],"replies":[{"embeddable":true,"href":"http:\/\/agrolens.sk\/ags\/wp-json\/wp\/v2\/comments?post=152"}],"version-history":[{"count":9,"href":"http:\/\/agrolens.sk\/ags\/wp-json\/wp\/v2\/pages\/152\/revisions"}],"predecessor-version":[{"id":186,"href":"http:\/\/agrolens.sk\/ags\/wp-json\/wp\/v2\/pages\/152\/revisions\/186"}],"wp:attachment":[{"href":"http:\/\/agrolens.sk\/ags\/wp-json\/wp\/v2\/media?parent=152"}],"curies":[{"name":"wp","href":"https:\/\/api.w.org\/{rel}","templated":true}]}}